{"id":383,"date":"2025-03-19T00:35:32","date_gmt":"2025-03-19T00:35:32","guid":{"rendered":"https:\/\/gibishki.com\/?post_type=product&#038;p=383"},"modified":"2025-03-21T03:41:40","modified_gmt":"2025-03-21T03:41:40","slug":"antares-t-shirt","status":"publish","type":"product","link":"https:\/\/gibishki.com\/es\/producto\/antares-t-shirt\/","title":{"rendered":"Camiseta Antares"},"content":{"rendered":"<p>Camiseta unisex, confeccionada 100% en suave algod\u00f3n peruano para una sensaci\u00f3n premium. Dise\u00f1ada en gris piedra, con motivos astrales y fragmentos de la letra de \"Antares (Aerie by the Sea)\". Suave, transpirable y perfecta para encontrar el sentido de la existencia en la luna, las estrellas y los susurros de la noche. Se ve especialmente bien bajo luces tenues, acompa\u00f1ada de una guitarra desgastada o mientras se contempla el horizonte.<\/p>","protected":false},"excerpt":{"rendered":"<p>Camiseta unisex, 100% suave algod\u00f3n peruano, en gris piedra, con motivos astrales y fragmentos de la letra de \"Antares (Aerie by the Sea)\".<\/p>","protected":false},"featured_media":389,"template":"","meta":{"_et_pb_use_builder":"","_et_pb_old_content":"","_et_gb_content_width":""},"product_brand":[],"product_cat":[29,28],"product_tag":[31,30],"class_list":{"0":"post-383","1":"product","2":"type-product","3":"status-publish","4":"has-post-thumbnail","6":"product_cat-apparel","7":"product_cat-merch","8":"product_tag-apparel","9":"product_tag-merch","11":"first","12":"instock","13":"taxable","14":"shipping-taxable","15":"purchasable","16":"product-type-variable","17":"has-default-attributes"},"_links":{"self":[{"href":"https:\/\/gibishki.com\/es\/wp-json\/wp\/v2\/product\/383","targetHints":{"allow":["GET"]}}],"collection":[{"href":"https:\/\/gibishki.com\/es\/wp-json\/wp\/v2\/product"}],"about":[{"href":"https:\/\/gibishki.com\/es\/wp-json\/wp\/v2\/types\/product"}],"wp:featuredmedia":[{"embeddable":true,"href":"https:\/\/gibishki.com\/es\/wp-json\/wp\/v2\/media\/389"}],"wp:attachment":[{"href":"https:\/\/gibishki.com\/es\/wp-json\/wp\/v2\/media?parent=383"}],"wp:term":[{"taxonomy":"product_brand","embeddable":true,"href":"https:\/\/gibishki.com\/es\/wp-json\/wp\/v2\/product_brand?post=383"},{"taxonomy":"product_cat","embeddable":true,"href":"https:\/\/gibishki.com\/es\/wp-json\/wp\/v2\/product_cat?post=383"},{"taxonomy":"product_tag","embeddable":true,"href":"https:\/\/gibishki.com\/es\/wp-json\/wp\/v2\/product_tag?post=383"}],"curies":[{"name":"wp","href":"https:\/\/api.w.org\/{rel}","templated":true}]}}