{"id":395,"date":"2025-03-19T15:05:42","date_gmt":"2025-03-19T15:05:42","guid":{"rendered":"https:\/\/gibishki.com\/?post_type=product&#038;p=395"},"modified":"2025-03-19T15:05:42","modified_gmt":"2025-03-19T15:05:42","slug":"antares-hoodie","status":"publish","type":"product","link":"https:\/\/gibishki.com\/es\/producto\/antares-hoodie\/","title":{"rendered":"Polera Antares"},"content":{"rendered":"<p class=\"p1\">Polera unisex con capucha, confeccionada en algod\u00f3n peruano de alta calidad para ofrecer abrigo y comodidad superiores. Dise\u00f1ada en gris piedra, con motivos astrales y fragmentos de la letra de \"Antares (Aerie by the Sea)\". De corte relajado, con pu\u00f1os y basta acanalados y una capucha ajustable con cord\u00f3n, es perfecta para reflexiones nocturnas, paseos a la luz de la luna o perderse en el murmullo de una canci\u00f3n favorita. Ideal para acompa\u00f1ar momentos de calma, una brisa fr\u00eda o la sensaci\u00f3n de llevar el peso del universo sobre los hombros. El bolsillo frontal es perfecto para calentar las manos\u2026 o guardar tu reliquia favorita de otra \u00e9poca, sea una libreta, un reproductor de m\u00fasica o un pu\u00f1ado de arrepentimientos.<b><\/b><\/p>","protected":false},"excerpt":{"rendered":"<p>Polera unisex con capucha, confeccionada en felpa peruana de alta calidad en gris piedra, con motivos astrales y fragmentos de la letra de \"Antares (Aerie by the Sea)\".<\/p>","protected":false},"featured_media":401,"template":"","meta":{"_et_pb_use_builder":"","_et_pb_old_content":"","_et_gb_content_width":""},"product_brand":[],"product_cat":[29,28],"product_tag":[31,30],"class_list":{"0":"post-395","1":"product","2":"type-product","3":"status-publish","4":"has-post-thumbnail","6":"product_cat-apparel","7":"product_cat-merch","8":"product_tag-apparel","9":"product_tag-merch","11":"first","12":"instock","13":"taxable","14":"shipping-taxable","15":"purchasable","16":"product-type-variable"},"_links":{"self":[{"href":"https:\/\/gibishki.com\/es\/wp-json\/wp\/v2\/product\/395","targetHints":{"allow":["GET"]}}],"collection":[{"href":"https:\/\/gibishki.com\/es\/wp-json\/wp\/v2\/product"}],"about":[{"href":"https:\/\/gibishki.com\/es\/wp-json\/wp\/v2\/types\/product"}],"wp:featuredmedia":[{"embeddable":true,"href":"https:\/\/gibishki.com\/es\/wp-json\/wp\/v2\/media\/401"}],"wp:attachment":[{"href":"https:\/\/gibishki.com\/es\/wp-json\/wp\/v2\/media?parent=395"}],"wp:term":[{"taxonomy":"product_brand","embeddable":true,"href":"https:\/\/gibishki.com\/es\/wp-json\/wp\/v2\/product_brand?post=395"},{"taxonomy":"product_cat","embeddable":true,"href":"https:\/\/gibishki.com\/es\/wp-json\/wp\/v2\/product_cat?post=395"},{"taxonomy":"product_tag","embeddable":true,"href":"https:\/\/gibishki.com\/es\/wp-json\/wp\/v2\/product_tag?post=395"}],"curies":[{"name":"wp","href":"https:\/\/api.w.org\/{rel}","templated":true}]}}