{"id":405,"date":"2025-03-20T04:33:09","date_gmt":"2025-03-20T04:33:09","guid":{"rendered":"https:\/\/gibishki.com\/?post_type=product&#038;p=405"},"modified":"2025-05-30T23:01:02","modified_gmt":"2025-05-30T23:01:02","slug":"tindermare-these-foreign-lands-poster","status":"publish","type":"product","link":"https:\/\/gibishki.com\/es\/producto\/tindermare-these-foreign-lands-poster\/","title":{"rendered":"P\u00f3ster \"This Foreign Land\""},"content":{"rendered":"<p class=\"p1\">Impreso a color en A2 (papel couch\u00e9 mate de 200 gr.), este mapa fant\u00e1stico alusivo a Tindermare da vida al universo del \u00e1lbum. Ilustrado por la artista argentina Pamela Wehrhahne, cada lugar del mapa representa una canci\u00f3n, trazando un recorrido a trav\u00e9s del sonido y la narrativa. Un souvenir perfecto para aquellos que aman perderse en la m\u00fasica y los mitos.<\/p>","protected":false},"excerpt":{"rendered":"<p>Impreso a color en A2 (papel couch\u00e9 mate de 200 gr.). Ilustrado por Pamela Wehrhahne.<\/p>","protected":false},"featured_media":406,"template":"","meta":{"_et_pb_use_builder":"","_et_pb_old_content":"","_et_gb_content_width":""},"product_brand":[],"product_cat":[28,32],"product_tag":[30],"class_list":{"0":"post-405","1":"product","2":"type-product","3":"status-publish","4":"has-post-thumbnail","6":"product_cat-merch","7":"product_cat-print","8":"product_tag-merch","10":"first","11":"instock","12":"taxable","13":"shipping-taxable","14":"purchasable","15":"product-type-simple"},"_links":{"self":[{"href":"https:\/\/gibishki.com\/es\/wp-json\/wp\/v2\/product\/405","targetHints":{"allow":["GET"]}}],"collection":[{"href":"https:\/\/gibishki.com\/es\/wp-json\/wp\/v2\/product"}],"about":[{"href":"https:\/\/gibishki.com\/es\/wp-json\/wp\/v2\/types\/product"}],"wp:featuredmedia":[{"embeddable":true,"href":"https:\/\/gibishki.com\/es\/wp-json\/wp\/v2\/media\/406"}],"wp:attachment":[{"href":"https:\/\/gibishki.com\/es\/wp-json\/wp\/v2\/media?parent=405"}],"wp:term":[{"taxonomy":"product_brand","embeddable":true,"href":"https:\/\/gibishki.com\/es\/wp-json\/wp\/v2\/product_brand?post=405"},{"taxonomy":"product_cat","embeddable":true,"href":"https:\/\/gibishki.com\/es\/wp-json\/wp\/v2\/product_cat?post=405"},{"taxonomy":"product_tag","embeddable":true,"href":"https:\/\/gibishki.com\/es\/wp-json\/wp\/v2\/product_tag?post=405"}],"curies":[{"name":"wp","href":"https:\/\/api.w.org\/{rel}","templated":true}]}}